{"id":83498,"date":"2020-06-06T11:58:57","date_gmt":"2020-06-06T09:58:57","guid":{"rendered":"https:\/\/www.edilgiraffa.com\/newsite\/giraffas-reviews\/"},"modified":"2024-07-23T17:59:20","modified_gmt":"2024-07-23T15:59:20","slug":"reviews","status":"publish","type":"page","link":"https:\/\/www.edilgiraffa.com\/en\/reviews\/","title":{"rendered":"Giraffa&#8217;s Reviews"},"content":{"rendered":"<div class=\"wpb-content-wrapper\"><p>[vc_row unlock_row_content=&#8221;yes&#8221; row_height_percent=&#8221;100&#8243; back_color=&#8221;color-lxmt&#8221; overlay_alpha=&#8221;50&#8243; gutter_size=&#8221;3&#8243; column_width_percent=&#8221;100&#8243; shift_y=&#8221;0&#8243; z_index=&#8221;0&#8243;][vc_column column_width_percent=&#8221;85&#8243; gutter_size=&#8221;3&#8243; style=&#8221;dark&#8221; back_color=&#8221;color-wvjs&#8221; overlay_alpha=&#8221;50&#8243; radius=&#8221;std&#8221; shadow=&#8221;sm&#8221; shift_x=&#8221;0&#8243; shift_y=&#8221;0&#8243; shift_y_down=&#8221;0&#8243; z_index=&#8221;0&#8243; medium_width=&#8221;0&#8243; mobile_width=&#8221;0&#8243; width=&#8221;1\/2&#8243; uncode_shortcode_id=&#8221;187844&#8243; back_color_type=&#8221;uncode-palette&#8221;][vc_icon icon=&#8221;fa fa-pencil4&#8243; icon_color=&#8221;accent&#8221; size=&#8221;fa-3x&#8221; title=&#8221;WRITE A REVIEW&#8221;][\/vc_icon][vc_separator sep_color=&#8221;,Default&#8221;][vc_column_text]<div class=\"glsr glsr-default\" id=\"katxtlon\" data-from=\"shortcode\" data-shortcode=\"site_reviews_form\"><div class=\"glsr-form-wrap\">\n    <form class=\"glsr-review-form glsr-form\" method=\"post\" enctype=\"multipart\/form-data\">\n        <input type=\"hidden\" name=\"site-reviews[_action]\" value=\"submit-review\" \/>\n<input type=\"hidden\" name=\"site-reviews[_nonce]\" value=\"b6d211c56b\" \/>\n<input type=\"hidden\" name=\"site-reviews[_post_id]\" value=\"83498\" \/>\n<input type=\"hidden\" name=\"site-reviews[_referer]\" value=\"\" \/>\n<input type=\"hidden\" name=\"site-reviews[assigned_posts]\" value=\"\" \/>\n<input type=\"hidden\" name=\"site-reviews[assigned_terms]\" value=\"\" \/>\n<input type=\"hidden\" name=\"site-reviews[assigned_users]\" value=\"\" \/>\n<input type=\"hidden\" name=\"site-reviews[excluded]\" value=\"\" \/>\n<input type=\"hidden\" name=\"site-reviews[form_id]\" value=\"katxtlon\" \/>\n<input type=\"hidden\" name=\"site-reviews[terms_exist]\" value=\"1\" \/>\n<input type=\"hidden\" name=\"site-reviews[form_signature]\" value=\"iPHySU5Y19bOh804LkThipLMvPG5v8BkFLxt8WT1h0gaDj0P9-DmYBkctxcJtXJc1UrclWf09AuFSPu3O_gfNhyUEI-7H416GyZvqbgER_tMJjVJm_8K6XtUlRgzmAs4b6P-Q2vLD2ft12jKCuTvz_v5JFK87HoJH1c_uRWwPuOMzn_cTM4pZc-GWkwXGPVoAggIGYRXnFgO0iEX6ww-o22kwIF7hLmRb0bcVDANoigZvo9tjCxo89ExJfX92G21Jhwjy373BxGaaKDGkD6OWzFxcq8fd2-OMBRFkGlsquoEOCpRglGVv9U3BEQ2o1xClkqk0tnqMGOui69v-E3aJs7iAuo3yFy3zIvhGaC91S4fSz7efKF4TQsjhWvZMlJlcw-4pEPANLan4moo8kH3\" \/>\n<div class=\"glsr-field\" style=\"display:none;\"><label for=\"site-reviews-c3152ff3-katxtlon\">Your review<\/label><input type=\"text\" class=\"glsr-input glsr-input-text\" id=\"site-reviews-c3152ff3-katxtlon\" name=\"site-reviews[c3152ff3]\" value=\"\" \/><\/div>\n<div class=\"glsr-field glsr-field-rating glsr-required\" data-field=\"rating\">\n    <label class=\"glsr-label\" for=\"katxtlon-rating\">\n    <span>Your overall rating<\/span>\n<\/label>\n    <select class=\"browser-default disable-select no_wrap no-wrap glsr-select\" id=\"katxtlon-rating\" name=\"site-reviews[rating]\" required><option value=\"\">Select a Rating<\/option><option value=\"5\">5 Stars<\/option><option value=\"4\">4 Stars<\/option><option value=\"3\">3 Stars<\/option><option value=\"2\">2 Stars<\/option><option value=\"1\">1 Star<\/option><\/select>\n    <div class=\"glsr-field-error\"><\/div>\n<\/div>\n<div class=\"glsr-field glsr-field-text glsr-required\" data-field=\"title\">\n    <label class=\"glsr-label\" for=\"katxtlon-title\">\n    <span>Title of your review<\/span>\n<\/label>\n    <input type=\"text\" class=\"glsr-input glsr-input-text\" id=\"katxtlon-title\" name=\"site-reviews[title]\" required placeholder=\"Summarize your review or highlight an interesting detail\" value=\"\" \/>\n    <div class=\"glsr-field-error\"><\/div>\n<\/div>\n<div class=\"glsr-field glsr-field-textarea glsr-required\" data-field=\"content\">\n    <label class=\"glsr-label\" for=\"katxtlon-content\">\n    <span>Your review<\/span>\n<\/label>\n    <textarea class=\"glsr-textarea\" id=\"katxtlon-content\" name=\"site-reviews[content]\" required placeholder=\"Tell people your review\" rows=\"5\"><\/textarea>\n    <div class=\"glsr-field-error\"><\/div>\n<\/div>\n<div class=\"glsr-field glsr-field-text glsr-required\" data-field=\"name\">\n    <label class=\"glsr-label\" for=\"katxtlon-name\">\n    <span>Your name<\/span>\n<\/label>\n    <input type=\"text\" class=\"glsr-input glsr-input-text\" id=\"katxtlon-name\" name=\"site-reviews[name]\" required placeholder=\"Tell us your name\" value=\"\" \/>\n    <div class=\"glsr-field-error\"><\/div>\n<\/div>\n<div class=\"glsr-field glsr-field-email glsr-required\" data-field=\"email\">\n    <label class=\"glsr-label\" for=\"katxtlon-email\">\n    <span>Your email<\/span>\n<\/label>\n    <input type=\"email\" class=\"glsr-input glsr-input-email\" id=\"katxtlon-email\" name=\"site-reviews[email]\" required placeholder=\"Tell us your email\" value=\"\" \/>\n    <div class=\"glsr-field-error\"><\/div>\n<\/div>\n<div class=\"glsr-field glsr-field-choice glsr-required\" data-field=\"terms\">\n    \n    <span class=\"glsr-field-toggle\">\n    <span class=\"glsr-toggle\">\n        <label for=\"katxtlon-terms-1\">This review is based on my own experience and is my genuine opinion.<\/label>\n        <span class=\"glsr-toggle-switch\">\n            <input type=\"checkbox\" class=\"glsr-input-toggle\" id=\"katxtlon-terms-1\" name=\"site-reviews[terms]\" required value=\"1\" \/> &#8203; <!-- zero-space character used for alignment -->\n            <span class=\"glsr-toggle-track\"><\/span>\n        <\/span>\n    <\/span>\n<\/span>\n    <div class=\"glsr-field-error\"><\/div>\n<\/div>\n        <div class=\"glsr-form-message\">\n    \n<\/div>\n        <div data-field=\"submit-button\">\n    <div class=\"wp-block-buttons is-layout-flex\">\n        <div class=\"wp-block-button\">\n            <button type=\"submit\" class=\"glsr-button wp-block-button__link wp-element-button\" aria-busy=\"false\" data-loading=\"Submitting, please wait...\">Submit Review<\/button>\n        <\/div>\n    <\/div>\n<\/div>\n    <\/form>\n<\/div><\/div>\n<p>&nbsp;[\/vc_column_text][\/vc_column][vc_column column_width_percent=&#8221;85&#8243; gutter_size=&#8221;3&#8243; back_color=&#8221;color-xsdn&#8221; overlay_alpha=&#8221;50&#8243; radius=&#8221;std&#8221; shadow=&#8221;std&#8221; shift_x=&#8221;0&#8243; shift_y=&#8221;0&#8243; shift_y_down=&#8221;0&#8243; z_index=&#8221;0&#8243; medium_width=&#8221;0&#8243; mobile_width=&#8221;0&#8243; width=&#8221;1\/2&#8243;][vc_icon icon=&#8221;fa fa-chat&#8221; icon_color=&#8221;accent&#8221; size=&#8221;fa-3x&#8221; title=&#8221;REVIEWS&#8221;][\/vc_icon][vc_separator sep_color=&#8221;,Default&#8221;][vc_column_text]<div class=\"glsr glsr-default\" id=\"katxrq9a\" data-from=\"shortcode\" data-shortcode=\"site_reviews\" data-display=\"10\"><div class=\"glsr-reviews-wrap\">\n    <div class=\"glsr-reviews\">\n        <div class=\"glsr-review\" data-type=\"local\" id=\"review-84780\" data-assigned='[]'>\n    <div class=\"glsr-review-title\"><h4 class=\"glsr-tag-value\">Favolosa<\/h4><\/div>\n    <div class=\"glsr-review-rating\"><div class=\"glsr-star-rating glsr-stars\" role=\"img\" aria-label=\"Rated 5 out of 5 stars\" data-rating=\"5\" data-reviews=\"0\"><span class=\"glsr-star glsr-star-full\" aria-hidden=\"true\"><\/span><span class=\"glsr-star glsr-star-full\" aria-hidden=\"true\"><\/span><span class=\"glsr-star glsr-star-full\" aria-hidden=\"true\"><\/span><span class=\"glsr-star glsr-star-full\" aria-hidden=\"true\"><\/span><span class=\"glsr-star glsr-star-full\" aria-hidden=\"true\"><\/span><\/div><\/div> <div class=\"glsr-review-date\"><span class=\"glsr-tag-value\">4 June 2021<\/span><\/div>\n    \n    <div class=\"glsr-review-content\"><div class=\"glsr-tag-value\" data-expanded=\"false\"><p class=\"glsr-hidden-text\" data-show-less=\"Show less\" data-show-more=\"Show more\" data-trigger=\"expand\">La mia esperienza con giraffa \u00e8 stata da lasciarmi a bocca aperta non sono un muratore ma solamente una persona che si applica in tante cose e cerco di fare tutti i lavori da solo per abbattere i costi&#8230; ho realizzato 4 colonne a faccia vista per un favoloso gadzebo e 4 colonne sempre<span class=\"glsr-hidden\"> a faccia vista per gazebo posto auto il tutto con mattoni di recupero di varie misure e comunque \u00e8 risultato perfetto amici muratori non credevano ai loro occhi quindi ringrazio la giraffa per avermi dato la possibilit\u00e0 di creare qualcosa che senza di essa non sarei mai riuscito consiglio l&#8217;acquisto anche a persone esperte perch\u00e9 ottimizzerebbero il loro profitto nella realizzazione di colonne perch\u00e9 si dimezza il tempo di costruzione e un notevole risparmio di calce senza sprechi<\/span><\/p><\/div><\/div>\n     <div class=\"glsr-review-author\"><span class=\"glsr-tag-value\">Marinari Giuseppe<\/span><\/div> \n    \n<\/div>\n<div class=\"glsr-review\" data-type=\"local\" id=\"review-84395\" data-assigned='[]'>\n    <div class=\"glsr-review-title\"><h4 class=\"glsr-tag-value\">Fare i pilastri con la dima Giraffa \u00e9 una magia!<\/h4><\/div>\n    <div class=\"glsr-review-rating\"><div class=\"glsr-star-rating glsr-stars\" role=\"img\" aria-label=\"Rated 5 out of 5 stars\" data-rating=\"5\" data-reviews=\"0\"><span class=\"glsr-star glsr-star-full\" aria-hidden=\"true\"><\/span><span class=\"glsr-star glsr-star-full\" aria-hidden=\"true\"><\/span><span class=\"glsr-star glsr-star-full\" aria-hidden=\"true\"><\/span><span class=\"glsr-star glsr-star-full\" aria-hidden=\"true\"><\/span><span class=\"glsr-star glsr-star-full\" aria-hidden=\"true\"><\/span><\/div><\/div> <div class=\"glsr-review-date\"><span class=\"glsr-tag-value\">12 April 2021<\/span><\/div>\n    \n    <div class=\"glsr-review-content\"><div class=\"glsr-tag-value\" data-expanded=\"false\"><p>Faccio il pizzaiolo da 42 anni, e con questo attrezzo ho lasciato a bocca aperta, i migliori muratori<\/p><\/div><\/div>\n     <div class=\"glsr-review-author\"><span class=\"glsr-tag-value\">Antonio Acampora<\/span><\/div> \n    \n<\/div>\n<div class=\"glsr-review\" data-type=\"local\" id=\"review-84121\" data-assigned='[]'>\n    <div class=\"glsr-review-title\"><h4 class=\"glsr-tag-value\">La calandra Giraffa<\/h4><\/div>\n    <div class=\"glsr-review-rating\"><div class=\"glsr-star-rating glsr-stars\" role=\"img\" aria-label=\"Rated 5 out of 5 stars\" data-rating=\"5\" data-reviews=\"0\"><span class=\"glsr-star glsr-star-full\" aria-hidden=\"true\"><\/span><span class=\"glsr-star glsr-star-full\" aria-hidden=\"true\"><\/span><span class=\"glsr-star glsr-star-full\" aria-hidden=\"true\"><\/span><span class=\"glsr-star glsr-star-full\" aria-hidden=\"true\"><\/span><span class=\"glsr-star glsr-star-full\" aria-hidden=\"true\"><\/span><\/div><\/div> <div class=\"glsr-review-date\"><span class=\"glsr-tag-value\">23 June 2020<\/span><\/div>\n    \n    <div class=\"glsr-review-content\"><div class=\"glsr-tag-value\" data-expanded=\"false\"><p class=\"glsr-hidden-text\" data-show-less=\"Show less\" data-show-more=\"Show more\" data-trigger=\"expand\">Ho acquistato la calandra per realizzare pilastri quadri, tondi ed elicoidali (questi ultimi, irrealizzabili senza calandra), ritengo che questo attrezzo non pu\u00f2 e non deve mancare negli attrezzi di ogni muratore&#8230; da quando ho la calandra Giraffa ho ridotto i tempi di realizzazione di almeno 5 volte&#8230; e vedi se se \u00e8 poco<span class=\"glsr-hidden\">&#8230;<\/span><\/p><\/div><\/div>\n     <div class=\"glsr-review-author\"><span class=\"glsr-tag-value\">Giuseppe<\/span><\/div> \n    \n<\/div>\n<div class=\"glsr-review\" data-type=\"local\" id=\"review-84068\" data-assigned='[]'>\n    <div class=\"glsr-review-title\"><h4 class=\"glsr-tag-value\">Velocit\u00e0 senza pari<\/h4><\/div>\n    <div class=\"glsr-review-rating\"><div class=\"glsr-star-rating glsr-stars\" role=\"img\" aria-label=\"Rated 5 out of 5 stars\" data-rating=\"5\" data-reviews=\"0\"><span class=\"glsr-star glsr-star-full\" aria-hidden=\"true\"><\/span><span class=\"glsr-star glsr-star-full\" aria-hidden=\"true\"><\/span><span class=\"glsr-star glsr-star-full\" aria-hidden=\"true\"><\/span><span class=\"glsr-star glsr-star-full\" aria-hidden=\"true\"><\/span><span class=\"glsr-star glsr-star-full\" aria-hidden=\"true\"><\/span><\/div><\/div> <div class=\"glsr-review-date\"><span class=\"glsr-tag-value\">18 June 2020<\/span><\/div>\n    \n    <div class=\"glsr-review-content\"><div class=\"glsr-tag-value\" data-expanded=\"false\"><p>Da quando la mia azienda lo ha acquistato il lavoro scivola via come l\u2019olio, bravi!<\/p><\/div><\/div>\n     <div class=\"glsr-review-author\"><span class=\"glsr-tag-value\">Filippo Mancini<\/span><\/div> \n    \n<\/div>\n<div class=\"glsr-review\" data-type=\"local\" id=\"review-84070\" data-assigned='[]'>\n    <div class=\"glsr-review-title\"><h4 class=\"glsr-tag-value\">Davvero fantastica!!!<\/h4><\/div>\n    <div class=\"glsr-review-rating\"><div class=\"glsr-star-rating glsr-stars\" role=\"img\" aria-label=\"Rated 4 out of 5 stars\" data-rating=\"4\" data-reviews=\"0\"><span class=\"glsr-star glsr-star-full\" aria-hidden=\"true\"><\/span><span class=\"glsr-star glsr-star-full\" aria-hidden=\"true\"><\/span><span class=\"glsr-star glsr-star-full\" aria-hidden=\"true\"><\/span><span class=\"glsr-star glsr-star-full\" aria-hidden=\"true\"><\/span><span class=\"glsr-star glsr-star-empty\" aria-hidden=\"true\"><\/span><\/div><\/div> <div class=\"glsr-review-date\"><span class=\"glsr-tag-value\">3 May 2020<\/span><\/div>\n    \n    <div class=\"glsr-review-content\"><div class=\"glsr-tag-value\" data-expanded=\"false\"><p>Ha cambiato il modo di lavorare in cantiere<\/p><\/div><\/div>\n     <div class=\"glsr-review-author\"><span class=\"glsr-tag-value\">Roberto Frignani<\/span><\/div> \n    \n<\/div>\n<div class=\"glsr-review\" data-type=\"local\" id=\"review-84071\" data-assigned='[]'>\n    <div class=\"glsr-review-title\"><h4 class=\"glsr-tag-value\">Realmente una soluci\u00f3n excelente y precisa<\/h4><\/div>\n    <div class=\"glsr-review-rating\"><div class=\"glsr-star-rating glsr-stars\" role=\"img\" aria-label=\"Rated 4 out of 5 stars\" data-rating=\"4\" data-reviews=\"0\"><span class=\"glsr-star glsr-star-full\" aria-hidden=\"true\"><\/span><span class=\"glsr-star glsr-star-full\" aria-hidden=\"true\"><\/span><span class=\"glsr-star glsr-star-full\" aria-hidden=\"true\"><\/span><span class=\"glsr-star glsr-star-full\" aria-hidden=\"true\"><\/span><span class=\"glsr-star glsr-star-empty\" aria-hidden=\"true\"><\/span><\/div><\/div> <div class=\"glsr-review-date\"><span class=\"glsr-tag-value\">19 March 2020<\/span><\/div>\n    \n    <div class=\"glsr-review-content\"><div class=\"glsr-tag-value\" data-expanded=\"false\"><p>El costo laboral se reduce sustancialmente: en \u00faltima instancia, el costo se amortiz\u00f3 en la primera semana de trabajo &#8230;<\/p><\/div><\/div>\n     <div class=\"glsr-review-author\"><span class=\"glsr-tag-value\">Juan Garrido<\/span><\/div> \n    \n<\/div>\n<div class=\"glsr-review\" data-type=\"local\" id=\"review-84078\" data-assigned='[]'>\n    <div class=\"glsr-review-title\"><h4 class=\"glsr-tag-value\">Geniale!<\/h4><\/div>\n    <div class=\"glsr-review-rating\"><div class=\"glsr-star-rating glsr-stars\" role=\"img\" aria-label=\"Rated 5 out of 5 stars\" data-rating=\"5\" data-reviews=\"0\"><span class=\"glsr-star glsr-star-full\" aria-hidden=\"true\"><\/span><span class=\"glsr-star glsr-star-full\" aria-hidden=\"true\"><\/span><span class=\"glsr-star glsr-star-full\" aria-hidden=\"true\"><\/span><span class=\"glsr-star glsr-star-full\" aria-hidden=\"true\"><\/span><span class=\"glsr-star glsr-star-full\" aria-hidden=\"true\"><\/span><\/div><\/div> <div class=\"glsr-review-date\"><span class=\"glsr-tag-value\">7 March 2020<\/span><\/div>\n    \n    <div class=\"glsr-review-content\"><div class=\"glsr-tag-value\" data-expanded=\"false\"><p>L&#8217;idea e la tecnologia che la sorregge sono veramente geniali<\/p><\/div><\/div>\n     <div class=\"glsr-review-author\"><span class=\"glsr-tag-value\">L.F.<\/span><\/div> \n    \n<\/div>\n<div class=\"glsr-review\" data-type=\"local\" id=\"review-84069\" data-assigned='[]'>\n    <div class=\"glsr-review-title\"><h4 class=\"glsr-tag-value\">Giraffa \u00e8 incredibile<\/h4><\/div>\n    <div class=\"glsr-review-rating\"><div class=\"glsr-star-rating glsr-stars\" role=\"img\" aria-label=\"Rated 5 out of 5 stars\" data-rating=\"5\" data-reviews=\"0\"><span class=\"glsr-star glsr-star-full\" aria-hidden=\"true\"><\/span><span class=\"glsr-star glsr-star-full\" aria-hidden=\"true\"><\/span><span class=\"glsr-star glsr-star-full\" aria-hidden=\"true\"><\/span><span class=\"glsr-star glsr-star-full\" aria-hidden=\"true\"><\/span><span class=\"glsr-star glsr-star-full\" aria-hidden=\"true\"><\/span><\/div><\/div> <div class=\"glsr-review-date\"><span class=\"glsr-tag-value\">11 February 2020<\/span><\/div>\n    \n    <div class=\"glsr-review-content\"><div class=\"glsr-tag-value\" data-expanded=\"false\"><p>Tutti gli operatori in edilizia dovrebbe provarlo!<\/p><\/div><\/div>\n     <div class=\"glsr-review-author\"><span class=\"glsr-tag-value\">Roberto Greci<\/span><\/div> \n    \n<\/div>\n    <\/div>\n    \n<\/div><\/div>[\/vc_column_text][\/vc_column][\/vc_row]<\/p>\n<\/div>","protected":false},"excerpt":{"rendered":"<p>[vc_row unlock_row_content=&#8221;yes&#8221; row_height_percent=&#8221;100&#8243; back_color=&#8221;color-lxmt&#8221; overlay_alpha=&#8221;50&#8243; gutter_size=&#8221;3&#8243; column_width_percent=&#8221;100&#8243; shift_y=&#8221;0&#8243; z_index=&#8221;0&#8243;][vc_column column_width_percent=&#8221;85&#8243; gutter_size=&#8221;3&#8243; style=&#8221;dark&#8221; back_color=&#8221;color-wvjs&#8221; overlay_alpha=&#8221;50&#8243; radius=&#8221;std&#8221; shadow=&#8221;sm&#8221; shift_x=&#8221;0&#8243; shift_y=&#8221;0&#8243; shift_y_down=&#8221;0&#8243; z_index=&#8221;0&#8243; [&hellip;]<\/p>\n","protected":false},"author":4,"featured_media":0,"parent":0,"menu_order":0,"comment_status":"closed","ping_status":"closed","template":"","meta":{"iawp_total_views":54,"_glsr_average":0,"_glsr_ranking":0,"_glsr_reviews":0,"footnotes":""},"class_list":["post-83498","page","type-page","status-publish","hentry"],"yoast_head":"<!-- This site is optimized with the Yoast SEO plugin v25.6 - https:\/\/yoast.com\/wordpress\/plugins\/seo\/ -->\n<title>Giraffa&#039;s Reviews - Giraffa<\/title>\n<meta name=\"robots\" content=\"index, follow, max-snippet:-1, max-image-preview:large, max-video-preview:-1\" \/>\n<link rel=\"canonical\" href=\"https:\/\/www.edilgiraffa.com\/recensione\/\" \/>\n<meta property=\"og:locale\" content=\"en_US\" \/>\n<meta property=\"og:type\" content=\"article\" \/>\n<meta property=\"og:title\" content=\"Giraffa&#039;s Reviews - Giraffa\" \/>\n<meta property=\"og:description\" content=\"[vc_row unlock_row_content=&#8221;yes&#8221; row_height_percent=&#8221;100&#8243; back_color=&#8221;color-lxmt&#8221; overlay_alpha=&#8221;50&#8243; gutter_size=&#8221;3&#8243; column_width_percent=&#8221;100&#8243; shift_y=&#8221;0&#8243; z_index=&#8221;0&#8243;][vc_column column_width_percent=&#8221;85&#8243; gutter_size=&#8221;3&#8243; style=&#8221;dark&#8221; back_color=&#8221;color-wvjs&#8221; overlay_alpha=&#8221;50&#8243; radius=&#8221;std&#8221; shadow=&#8221;sm&#8221; shift_x=&#8221;0&#8243; shift_y=&#8221;0&#8243; shift_y_down=&#8221;0&#8243; z_index=&#8221;0&#8243; [&hellip;]\" \/>\n<meta property=\"og:url\" content=\"https:\/\/www.edilgiraffa.com\/recensione\/\" \/>\n<meta property=\"og:site_name\" content=\"Giraffa\" \/>\n<meta property=\"article:modified_time\" content=\"2024-07-23T15:59:20+00:00\" \/>\n<meta name=\"twitter:card\" content=\"summary_large_image\" \/>\n<meta name=\"twitter:label1\" content=\"Est. reading time\" \/>\n\t<meta name=\"twitter:data1\" content=\"1 minute\" \/>\n<script type=\"application\/ld+json\" class=\"yoast-schema-graph\">{\"@context\":\"https:\/\/schema.org\",\"@graph\":[{\"@type\":\"WebPage\",\"@id\":\"https:\/\/www.edilgiraffa.com\/recensione\/\",\"url\":\"https:\/\/www.edilgiraffa.com\/recensione\/\",\"name\":\"Giraffa's Reviews - Giraffa\",\"isPartOf\":{\"@id\":\"https:\/\/www.edilgiraffa.com\/#website\"},\"datePublished\":\"2020-06-06T09:58:57+00:00\",\"dateModified\":\"2024-07-23T15:59:20+00:00\",\"breadcrumb\":{\"@id\":\"https:\/\/www.edilgiraffa.com\/recensione\/#breadcrumb\"},\"inLanguage\":\"en-US\",\"potentialAction\":[{\"@type\":\"ReadAction\",\"target\":[\"https:\/\/www.edilgiraffa.com\/recensione\/\"]}]},{\"@type\":\"BreadcrumbList\",\"@id\":\"https:\/\/www.edilgiraffa.com\/recensione\/#breadcrumb\",\"itemListElement\":[{\"@type\":\"ListItem\",\"position\":1,\"name\":\"Home\",\"item\":\"https:\/\/www.edilgiraffa.com\/en\/\"},{\"@type\":\"ListItem\",\"position\":2,\"name\":\"Giraffa&#8217;s Reviews\"}]},{\"@type\":\"WebSite\",\"@id\":\"https:\/\/www.edilgiraffa.com\/#website\",\"url\":\"https:\/\/www.edilgiraffa.com\/\",\"name\":\"Giraffa\",\"description\":\"Giraffa \u00e8 il rivoluzionario sistema per la costruzione di pilastri in mattoni\",\"potentialAction\":[{\"@type\":\"SearchAction\",\"target\":{\"@type\":\"EntryPoint\",\"urlTemplate\":\"https:\/\/www.edilgiraffa.com\/?s={search_term_string}\"},\"query-input\":{\"@type\":\"PropertyValueSpecification\",\"valueRequired\":true,\"valueName\":\"search_term_string\"}}],\"inLanguage\":\"en-US\"}]}<\/script>\n<!-- \/ Yoast SEO plugin. -->","yoast_head_json":{"title":"Giraffa's Reviews - Giraffa","robots":{"index":"index","follow":"follow","max-snippet":"max-snippet:-1","max-image-preview":"max-image-preview:large","max-video-preview":"max-video-preview:-1"},"canonical":"https:\/\/www.edilgiraffa.com\/recensione\/","og_locale":"en_US","og_type":"article","og_title":"Giraffa's Reviews - Giraffa","og_description":"[vc_row unlock_row_content=&#8221;yes&#8221; row_height_percent=&#8221;100&#8243; back_color=&#8221;color-lxmt&#8221; overlay_alpha=&#8221;50&#8243; gutter_size=&#8221;3&#8243; column_width_percent=&#8221;100&#8243; shift_y=&#8221;0&#8243; z_index=&#8221;0&#8243;][vc_column column_width_percent=&#8221;85&#8243; gutter_size=&#8221;3&#8243; style=&#8221;dark&#8221; back_color=&#8221;color-wvjs&#8221; overlay_alpha=&#8221;50&#8243; radius=&#8221;std&#8221; shadow=&#8221;sm&#8221; shift_x=&#8221;0&#8243; shift_y=&#8221;0&#8243; shift_y_down=&#8221;0&#8243; z_index=&#8221;0&#8243; [&hellip;]","og_url":"https:\/\/www.edilgiraffa.com\/recensione\/","og_site_name":"Giraffa","article_modified_time":"2024-07-23T15:59:20+00:00","twitter_card":"summary_large_image","twitter_misc":{"Est. reading time":"1 minute"},"schema":{"@context":"https:\/\/schema.org","@graph":[{"@type":"WebPage","@id":"https:\/\/www.edilgiraffa.com\/recensione\/","url":"https:\/\/www.edilgiraffa.com\/recensione\/","name":"Giraffa's Reviews - Giraffa","isPartOf":{"@id":"https:\/\/www.edilgiraffa.com\/#website"},"datePublished":"2020-06-06T09:58:57+00:00","dateModified":"2024-07-23T15:59:20+00:00","breadcrumb":{"@id":"https:\/\/www.edilgiraffa.com\/recensione\/#breadcrumb"},"inLanguage":"en-US","potentialAction":[{"@type":"ReadAction","target":["https:\/\/www.edilgiraffa.com\/recensione\/"]}]},{"@type":"BreadcrumbList","@id":"https:\/\/www.edilgiraffa.com\/recensione\/#breadcrumb","itemListElement":[{"@type":"ListItem","position":1,"name":"Home","item":"https:\/\/www.edilgiraffa.com\/en\/"},{"@type":"ListItem","position":2,"name":"Giraffa&#8217;s Reviews"}]},{"@type":"WebSite","@id":"https:\/\/www.edilgiraffa.com\/#website","url":"https:\/\/www.edilgiraffa.com\/","name":"Giraffa","description":"Giraffa \u00e8 il rivoluzionario sistema per la costruzione di pilastri in mattoni","potentialAction":[{"@type":"SearchAction","target":{"@type":"EntryPoint","urlTemplate":"https:\/\/www.edilgiraffa.com\/?s={search_term_string}"},"query-input":{"@type":"PropertyValueSpecification","valueRequired":true,"valueName":"search_term_string"}}],"inLanguage":"en-US"}]}},"_links":{"self":[{"href":"https:\/\/www.edilgiraffa.com\/en\/wp-json\/wp\/v2\/pages\/83498"}],"collection":[{"href":"https:\/\/www.edilgiraffa.com\/en\/wp-json\/wp\/v2\/pages"}],"about":[{"href":"https:\/\/www.edilgiraffa.com\/en\/wp-json\/wp\/v2\/types\/page"}],"author":[{"embeddable":true,"href":"https:\/\/www.edilgiraffa.com\/en\/wp-json\/wp\/v2\/users\/4"}],"replies":[{"embeddable":true,"href":"https:\/\/www.edilgiraffa.com\/en\/wp-json\/wp\/v2\/comments?post=83498"}],"version-history":[{"count":13,"href":"https:\/\/www.edilgiraffa.com\/en\/wp-json\/wp\/v2\/pages\/83498\/revisions"}],"predecessor-version":[{"id":84858,"href":"https:\/\/www.edilgiraffa.com\/en\/wp-json\/wp\/v2\/pages\/83498\/revisions\/84858"}],"wp:attachment":[{"href":"https:\/\/www.edilgiraffa.com\/en\/wp-json\/wp\/v2\/media?parent=83498"}],"curies":[{"name":"wp","href":"https:\/\/api.w.org\/{rel}","templated":true}]}}